{"id":3085,"date":"2022-03-20T10:39:50","date_gmt":"2022-03-20T09:39:50","guid":{"rendered":"https:\/\/ilcampodifave.it\/?page_id=3085"},"modified":"2022-05-12T11:37:04","modified_gmt":"2022-05-12T09:37:04","slug":"ortaggi","status":"publish","type":"page","link":"https:\/\/ilcampodifave.it\/index.php\/ortaggi\/","title":{"rendered":"Ortaggi"},"content":{"rendered":"<div class=\"fusion-fullwidth fullwidth-box fusion-builder-row-1 fusion-flex-container nonhundred-percent-fullwidth non-hundred-percent-height-scrolling\" style=\"--awb-border-radius-top-left:0px;--awb-border-radius-top-right:0px;--awb-border-radius-bottom-right:0px;--awb-border-radius-bottom-left:0px;\" ><div class=\"fusion-builder-row fusion-row fusion-flex-align-items-flex-start\" style=\"max-width:1144px;margin-left: calc(-4% \/ 2 );margin-right: calc(-4% \/ 2 );\"><div class=\"fusion-layout-column fusion_builder_column fusion-builder-column-0 fusion_builder_column_1_1 1_1 fusion-flex-column\" style=\"--awb-bg-size:cover;--awb-width-large:100%;--awb-margin-top-large:15px;--awb-spacing-right-large:1.92%;--awb-margin-bottom-large:15px;--awb-spacing-left-large:1.92%;--awb-width-medium:100%;--awb-order-medium:0;--awb-spacing-right-medium:1.92%;--awb-spacing-left-medium:1.92%;--awb-width-small:100%;--awb-order-small:0;--awb-spacing-right-small:1.92%;--awb-spacing-left-small:1.92%;\"><div class=\"fusion-column-wrapper fusion-column-has-shadow fusion-flex-justify-content-flex-start fusion-content-layout-column\"><div class=\"fusion-image-element \" style=\"text-align:center;--awb-margin-top:-80px;--awb-margin-bottom:40px;--awb-max-width:200px;--awb-caption-title-font-family:var(--h2_typography-font-family);--awb-caption-title-font-weight:var(--h2_typography-font-weight);--awb-caption-title-font-style:var(--h2_typography-font-style);--awb-caption-title-size:var(--h2_typography-font-size);--awb-caption-title-transform:var(--h2_typography-text-transform);--awb-caption-title-line-height:var(--h2_typography-line-height);--awb-caption-title-letter-spacing:var(--h2_typography-letter-spacing);\"><span class=\" fusion-imageframe imageframe-none imageframe-1 hover-type-none\" class=\"image-magnify\" class=\"image-scroll\"><img decoding=\"async\" width=\"695\" height=\"1024\" title=\"Ortaggi2\" src=\"https:\/\/ilcampodifave.it\/wp-content\/uploads\/2022\/03\/Ortaggi2.png\" data-orig-src=\"http:\/\/ilcampodifave.it\/wp-content\/uploads\/2022\/03\/Ortaggi2-695x1024.png\" alt class=\"lazyload img-responsive wp-image-3075\" srcset=\"data:image\/svg+xml,%3Csvg%20xmlns%3D%27http%3A%2F%2Fwww.w3.org%2F2000%2Fsvg%27%20width%3D%27901%27%20height%3D%271328%27%20viewBox%3D%270%200%20901%201328%27%3E%3Crect%20width%3D%27901%27%20height%3D%271328%27%20fill-opacity%3D%220%22%2F%3E%3C%2Fsvg%3E\" data-srcset=\"https:\/\/ilcampodifave.it\/wp-content\/uploads\/2022\/03\/Ortaggi2-200x295.png 200w, https:\/\/ilcampodifave.it\/wp-content\/uploads\/2022\/03\/Ortaggi2-400x590.png 400w, https:\/\/ilcampodifave.it\/wp-content\/uploads\/2022\/03\/Ortaggi2-600x884.png 600w, https:\/\/ilcampodifave.it\/wp-content\/uploads\/2022\/03\/Ortaggi2-800x1179.png 800w, https:\/\/ilcampodifave.it\/wp-content\/uploads\/2022\/03\/Ortaggi2.png 901w\" data-sizes=\"auto\" data-orig-sizes=\"(max-width: 800px) 100vw, (max-width: 640px) 100vw, 695px\" \/><\/span><\/div><div class=\"fusion-text fusion-text-1\"><div class=\"page\" title=\"Page 1\">\n<div class=\"layoutArea\">\n<div class=\"column\">\n<div class=\"page\" title=\"Page 1\">\n<div class=\"layoutArea\">\n<div class=\"column\">\n<p style=\"text-align: center;\">Un&#8217;ampia proposta di verdure fresche di stagione, coltivate a pieno campo con cura e amore rispettando i tempi della natura.<\/p>\n<p style=\"text-align: center;\">Raccogliamo gli ortaggi ogni mattina perch\u00e9 arrivino alle vostre tavole integri delle rispettive propriet\u00e0 organolettiche, vitamine, sali, fibre e composti fitochimici.<\/p>\n<p style=\"text-align: center;\">Cerchiamo di produrre diverse variet\u00e0 per ogni categoria di verdura per andare incontro alle esigenze di tutt*\u00a0 e perch\u00e9 le vostre case possano riempirsi di sapore e colore!<\/p>\n<\/div>\n<\/div>\n<\/div>\n<\/div>\n<\/div>\n<\/div>\n<\/div><div class=\"fusion-separator fusion-full-width-sep\" style=\"align-self: center;margin-left: auto;margin-right: auto;margin-top:40px;margin-bottom:40px;width:100%;\"><div class=\"fusion-separator-border sep-shadow\" style=\"--awb-height:20px;--awb-amount:20px;--awb-sep-color:var(--awb-custom_color_2);background:radial-gradient(ellipse at 50% -50% , var(--awb-custom_color_2) 0px, rgba(255, 255, 255, 0) 80%) repeat scroll 0 0 rgba(0, 0, 0, 0);background:-webkit-radial-gradient(ellipse at 50% -50% , var(--awb-custom_color_2) 0px, rgba(255, 255, 255, 0) 80%) repeat scroll 0 0 rgba(0, 0, 0, 0);background:-moz-radial-gradient(ellipse at 50% -50% , var(--awb-custom_color_2) 0px, rgba(255, 255, 255, 0) 80%) repeat scroll 0 0 rgba(0, 0, 0, 0);background:-o-radial-gradient(ellipse at 50% -50% , var(--awb-custom_color_2) 0px, rgba(255, 255, 255, 0) 80%) repeat scroll 0 0 rgba(0, 0, 0, 0);\"><\/div><\/div><\/div><\/div><\/div><\/div>\n","protected":false},"excerpt":{"rendered":"","protected":false},"author":1,"featured_media":0,"parent":0,"menu_order":0,"comment_status":"closed","ping_status":"closed","template":"","meta":{"footnotes":""},"class_list":["post-3085","page","type-page","status-publish","hentry"],"yoast_head":"<!-- This site is optimized with the Yoast SEO plugin v27.4 - https:\/\/yoast.com\/product\/yoast-seo-wordpress\/ -->\n<title>Ortaggi - Il Campo di Fave<\/title>\n<meta name=\"description\" content=\"\u201cDovremmo tutt * mangiare frutta e verdura come se le nostre vite dipendessero da questo, perch\u00e8 in effetti \u00e8 cos\u00ec\u201d Cit.\" \/>\n<meta name=\"robots\" content=\"index, follow, max-snippet:-1, max-image-preview:large, max-video-preview:-1\" \/>\n<link rel=\"canonical\" href=\"https:\/\/ilcampodifave.it\/index.php\/ortaggi\/\" \/>\n<meta property=\"og:locale\" content=\"it_IT\" \/>\n<meta property=\"og:type\" content=\"article\" \/>\n<meta property=\"og:title\" content=\"Ortaggi - Il Campo di Fave\" \/>\n<meta property=\"og:description\" content=\"\u201cDovremmo tutt * mangiare frutta e verdura come se le nostre vite dipendessero da questo, perch\u00e8 in effetti \u00e8 cos\u00ec\u201d Cit.\" \/>\n<meta property=\"og:url\" content=\"https:\/\/ilcampodifave.it\/index.php\/ortaggi\/\" \/>\n<meta property=\"og:site_name\" content=\"Il Campo di Fave\" \/>\n<meta property=\"article:modified_time\" content=\"2022-05-12T09:37:04+00:00\" \/>\n<meta name=\"twitter:card\" content=\"summary_large_image\" \/>\n<meta name=\"twitter:label1\" content=\"Tempo di lettura stimato\" \/>\n\t<meta name=\"twitter:data1\" content=\"3 minuti\" \/>\n<script type=\"application\/ld+json\" class=\"yoast-schema-graph\">{\"@context\":\"https:\\\/\\\/schema.org\",\"@graph\":[{\"@type\":\"WebPage\",\"@id\":\"https:\\\/\\\/ilcampodifave.it\\\/index.php\\\/ortaggi\\\/\",\"url\":\"https:\\\/\\\/ilcampodifave.it\\\/index.php\\\/ortaggi\\\/\",\"name\":\"Ortaggi - Il Campo di Fave\",\"isPartOf\":{\"@id\":\"https:\\\/\\\/ilcampodifave.it\\\/#website\"},\"datePublished\":\"2022-03-20T09:39:50+00:00\",\"dateModified\":\"2022-05-12T09:37:04+00:00\",\"description\":\"\u201cDovremmo tutt * mangiare frutta e verdura come se le nostre vite dipendessero da questo, perch\u00e8 in effetti \u00e8 cos\u00ec\u201d Cit.\",\"breadcrumb\":{\"@id\":\"https:\\\/\\\/ilcampodifave.it\\\/index.php\\\/ortaggi\\\/#breadcrumb\"},\"inLanguage\":\"it-IT\",\"potentialAction\":[{\"@type\":\"ReadAction\",\"target\":[\"https:\\\/\\\/ilcampodifave.it\\\/index.php\\\/ortaggi\\\/\"]}]},{\"@type\":\"BreadcrumbList\",\"@id\":\"https:\\\/\\\/ilcampodifave.it\\\/index.php\\\/ortaggi\\\/#breadcrumb\",\"itemListElement\":[{\"@type\":\"ListItem\",\"position\":1,\"name\":\"Home\",\"item\":\"https:\\\/\\\/ilcampodifave.it\\\/\"},{\"@type\":\"ListItem\",\"position\":2,\"name\":\"Ortaggi\"}]},{\"@type\":\"WebSite\",\"@id\":\"https:\\\/\\\/ilcampodifave.it\\\/#website\",\"url\":\"https:\\\/\\\/ilcampodifave.it\\\/\",\"name\":\"Il Campo di Fave\",\"description\":\"Azienda Agricola a Bologna\",\"potentialAction\":[{\"@type\":\"SearchAction\",\"target\":{\"@type\":\"EntryPoint\",\"urlTemplate\":\"https:\\\/\\\/ilcampodifave.it\\\/?s={search_term_string}\"},\"query-input\":{\"@type\":\"PropertyValueSpecification\",\"valueRequired\":true,\"valueName\":\"search_term_string\"}}],\"inLanguage\":\"it-IT\"}]}<\/script>\n<!-- \/ Yoast SEO plugin. -->","yoast_head_json":{"title":"Ortaggi - Il Campo di Fave","description":"\u201cDovremmo tutt * mangiare frutta e verdura come se le nostre vite dipendessero da questo, perch\u00e8 in effetti \u00e8 cos\u00ec\u201d Cit.","robots":{"index":"index","follow":"follow","max-snippet":"max-snippet:-1","max-image-preview":"max-image-preview:large","max-video-preview":"max-video-preview:-1"},"canonical":"https:\/\/ilcampodifave.it\/index.php\/ortaggi\/","og_locale":"it_IT","og_type":"article","og_title":"Ortaggi - Il Campo di Fave","og_description":"\u201cDovremmo tutt * mangiare frutta e verdura come se le nostre vite dipendessero da questo, perch\u00e8 in effetti \u00e8 cos\u00ec\u201d Cit.","og_url":"https:\/\/ilcampodifave.it\/index.php\/ortaggi\/","og_site_name":"Il Campo di Fave","article_modified_time":"2022-05-12T09:37:04+00:00","twitter_card":"summary_large_image","twitter_misc":{"Tempo di lettura stimato":"3 minuti"},"schema":{"@context":"https:\/\/schema.org","@graph":[{"@type":"WebPage","@id":"https:\/\/ilcampodifave.it\/index.php\/ortaggi\/","url":"https:\/\/ilcampodifave.it\/index.php\/ortaggi\/","name":"Ortaggi - Il Campo di Fave","isPartOf":{"@id":"https:\/\/ilcampodifave.it\/#website"},"datePublished":"2022-03-20T09:39:50+00:00","dateModified":"2022-05-12T09:37:04+00:00","description":"\u201cDovremmo tutt * mangiare frutta e verdura come se le nostre vite dipendessero da questo, perch\u00e8 in effetti \u00e8 cos\u00ec\u201d Cit.","breadcrumb":{"@id":"https:\/\/ilcampodifave.it\/index.php\/ortaggi\/#breadcrumb"},"inLanguage":"it-IT","potentialAction":[{"@type":"ReadAction","target":["https:\/\/ilcampodifave.it\/index.php\/ortaggi\/"]}]},{"@type":"BreadcrumbList","@id":"https:\/\/ilcampodifave.it\/index.php\/ortaggi\/#breadcrumb","itemListElement":[{"@type":"ListItem","position":1,"name":"Home","item":"https:\/\/ilcampodifave.it\/"},{"@type":"ListItem","position":2,"name":"Ortaggi"}]},{"@type":"WebSite","@id":"https:\/\/ilcampodifave.it\/#website","url":"https:\/\/ilcampodifave.it\/","name":"Il Campo di Fave","description":"Azienda Agricola a Bologna","potentialAction":[{"@type":"SearchAction","target":{"@type":"EntryPoint","urlTemplate":"https:\/\/ilcampodifave.it\/?s={search_term_string}"},"query-input":{"@type":"PropertyValueSpecification","valueRequired":true,"valueName":"search_term_string"}}],"inLanguage":"it-IT"}]}},"_links":{"self":[{"href":"https:\/\/ilcampodifave.it\/index.php\/wp-json\/wp\/v2\/pages\/3085","targetHints":{"allow":["GET"]}}],"collection":[{"href":"https:\/\/ilcampodifave.it\/index.php\/wp-json\/wp\/v2\/pages"}],"about":[{"href":"https:\/\/ilcampodifave.it\/index.php\/wp-json\/wp\/v2\/types\/page"}],"author":[{"embeddable":true,"href":"https:\/\/ilcampodifave.it\/index.php\/wp-json\/wp\/v2\/users\/1"}],"replies":[{"embeddable":true,"href":"https:\/\/ilcampodifave.it\/index.php\/wp-json\/wp\/v2\/comments?post=3085"}],"version-history":[{"count":15,"href":"https:\/\/ilcampodifave.it\/index.php\/wp-json\/wp\/v2\/pages\/3085\/revisions"}],"predecessor-version":[{"id":3241,"href":"https:\/\/ilcampodifave.it\/index.php\/wp-json\/wp\/v2\/pages\/3085\/revisions\/3241"}],"wp:attachment":[{"href":"https:\/\/ilcampodifave.it\/index.php\/wp-json\/wp\/v2\/media?parent=3085"}],"curies":[{"name":"wp","href":"https:\/\/api.w.org\/{rel}","templated":true}]}}